{"id":203,"date":"2021-05-10T22:27:18","date_gmt":"2021-05-11T01:27:18","guid":{"rendered":"https:\/\/wp.molinosurgente.com.ar\/?page_id=203"},"modified":"2021-05-24T19:30:49","modified_gmt":"2021-05-24T22:30:49","slug":"modelos","status":"publish","type":"page","link":"https:\/\/wp.molinosurgente.com.ar\/index.php\/modelos\/","title":{"rendered":"Nuestros modelos"},"content":{"rendered":"\n<p><em>Maquina, rueda y cola, torre y cilindro determina el molino adecuado para tu<\/em><\/p>\n\n\n\n<div class=\"wp-block-columns\">\n<div class=\"wp-block-column\">\n<div class=\"wp-block-columns\">\n<div class=\"wp-block-column\">\n<h2>Maquina, rueda y cola<\/h2>\n\n\n\n<figure class=\"wp-block-image size-large is-style-default\"><img data-attachment-id=\"396\" data-permalink=\"https:\/\/wp.molinosurgente.com.ar\/index.php\/acoplados\/maquina_500x375\/\" data-orig-file=\"https:\/\/i0.wp.com\/wp.molinosurgente.com.ar\/wp-content\/uploads\/2021\/05\/maquina_500x375.jpg?fit=500%2C375&amp;ssl=1\" data-orig-size=\"500,375\" data-comments-opened=\"1\" data-image-meta=\"{&quot;aperture&quot;:&quot;8&quot;,&quot;credit&quot;:&quot;&quot;,&quot;camera&quot;:&quot;Canon PowerShot A510&quot;,&quot;caption&quot;:&quot;&quot;,&quot;created_timestamp&quot;:&quot;1151597132&quot;,&quot;copyright&quot;:&quot;&quot;,&quot;focal_length&quot;:&quot;16&quot;,&quot;iso&quot;:&quot;50&quot;,&quot;shutter_speed&quot;:&quot;0.004&quot;,&quot;title&quot;:&quot;&quot;,&quot;orientation&quot;:&quot;1&quot;}\" data-image-title=\"maquina_500x375\" data-image-description=\"\" data-image-caption=\"\" data-medium-file=\"https:\/\/i0.wp.com\/wp.molinosurgente.com.ar\/wp-content\/uploads\/2021\/05\/maquina_500x375.jpg?fit=300%2C225&amp;ssl=1\" data-large-file=\"https:\/\/i0.wp.com\/wp.molinosurgente.com.ar\/wp-content\/uploads\/2021\/05\/maquina_500x375.jpg?fit=500%2C375&amp;ssl=1\" loading=\"lazy\" width=\"500\" height=\"375\" src=\"https:\/\/i2.wp.com\/localhost\/surgente\/wp-content\/uploads\/2021\/05\/maquina_500x375.jpg?resize=500%2C375\" alt=\"\" class=\"wp-image-396\" data-recalc-dims=\"1\"\/><\/figure>\n\n\n\n<div class=\"wp-block-buttons is-content-justification-right is-vertical\">\n<div class=\"wp-block-button has-custom-width wp-block-button__width-100 is-style-fill\"><a class=\"wp-block-button__link has-light-gray-color has-black-background-color has-text-color has-background no-border-radius\" href=\"\/index.php\/2021\/05\/11\/maquina-rueda-y-cola\/\" rel=\"Maquina, rueda y cola de molinos de viento\">Ver m\u00e1s<\/a><\/div>\n<\/div>\n<\/div>\n<\/div>\n<\/div>\n\n\n\n<div class=\"wp-block-column\">\n<div class=\"wp-block-columns\">\n<div class=\"wp-block-column\">\n<h2>Torres galvanizadas<\/h2>\n\n\n\n<figure class=\"wp-block-image size-large is-style-default\"><img data-attachment-id=\"395\" data-permalink=\"https:\/\/wp.molinosurgente.com.ar\/index.php\/acoplados\/torres_500x375\/\" data-orig-file=\"https:\/\/i2.wp.com\/wp.molinosurgente.com.ar\/wp-content\/uploads\/2021\/05\/torres_500x375.jpg?fit=500%2C375&amp;ssl=1\" data-orig-size=\"500,375\" data-comments-opened=\"1\" data-image-meta=\"{&quot;aperture&quot;:&quot;8&quot;,&quot;credit&quot;:&quot;&quot;,&quot;camera&quot;:&quot;Canon PowerShot ELPH 100 HS&quot;,&quot;caption&quot;:&quot;&quot;,&quot;created_timestamp&quot;:&quot;1428665313&quot;,&quot;copyright&quot;:&quot;&quot;,&quot;focal_length&quot;:&quot;5&quot;,&quot;iso&quot;:&quot;160&quot;,&quot;shutter_speed&quot;:&quot;0.0025&quot;,&quot;title&quot;:&quot;&quot;,&quot;orientation&quot;:&quot;1&quot;}\" data-image-title=\"torres_500x375\" data-image-description=\"\" data-image-caption=\"\" data-medium-file=\"https:\/\/i2.wp.com\/wp.molinosurgente.com.ar\/wp-content\/uploads\/2021\/05\/torres_500x375.jpg?fit=300%2C225&amp;ssl=1\" data-large-file=\"https:\/\/i2.wp.com\/wp.molinosurgente.com.ar\/wp-content\/uploads\/2021\/05\/torres_500x375.jpg?fit=500%2C375&amp;ssl=1\" loading=\"lazy\" width=\"500\" height=\"375\" src=\"https:\/\/i2.wp.com\/localhost\/surgente\/wp-content\/uploads\/2021\/05\/torres_500x375.jpg?resize=500%2C375\" alt=\"\" class=\"wp-image-395\" data-recalc-dims=\"1\"\/><\/figure>\n\n\n\n<div class=\"wp-block-buttons is-content-justification-right is-vertical\">\n<div class=\"wp-block-button has-custom-width wp-block-button__width-100 is-style-fill\"><a class=\"wp-block-button__link has-light-gray-color has-black-background-color has-text-color has-background no-border-radius\" href=\"\/index.php\/2021\/05\/23\/torres-galvanizadas\/\">Ver m\u00e1s<\/a><\/div>\n<\/div>\n<\/div>\n<\/div>\n<\/div>\n\n\n\n<div class=\"wp-block-column\">\n<div class=\"wp-block-columns\">\n<div class=\"wp-block-column\">\n<h2>Cilindros de bronce<\/h2>\n\n\n\n<figure class=\"wp-block-image size-large is-style-default\"><img data-attachment-id=\"394\" data-permalink=\"https:\/\/wp.molinosurgente.com.ar\/index.php\/acoplados\/cilintro_500x375\/\" data-orig-file=\"https:\/\/i0.wp.com\/wp.molinosurgente.com.ar\/wp-content\/uploads\/2021\/05\/cilintro_500x375.jpg?fit=500%2C375&amp;ssl=1\" data-orig-size=\"500,375\" data-comments-opened=\"1\" data-image-meta=\"{&quot;aperture&quot;:&quot;2.8&quot;,&quot;credit&quot;:&quot;&quot;,&quot;camera&quot;:&quot;Canon PowerShot ELPH 100 HS&quot;,&quot;caption&quot;:&quot;&quot;,&quot;created_timestamp&quot;:&quot;1427827449&quot;,&quot;copyright&quot;:&quot;&quot;,&quot;focal_length&quot;:&quot;5&quot;,&quot;iso&quot;:&quot;800&quot;,&quot;shutter_speed&quot;:&quot;0.125&quot;,&quot;title&quot;:&quot;&quot;,&quot;orientation&quot;:&quot;1&quot;}\" data-image-title=\"cilintro_500x375\" data-image-description=\"\" data-image-caption=\"\" data-medium-file=\"https:\/\/i0.wp.com\/wp.molinosurgente.com.ar\/wp-content\/uploads\/2021\/05\/cilintro_500x375.jpg?fit=300%2C225&amp;ssl=1\" data-large-file=\"https:\/\/i0.wp.com\/wp.molinosurgente.com.ar\/wp-content\/uploads\/2021\/05\/cilintro_500x375.jpg?fit=500%2C375&amp;ssl=1\" loading=\"lazy\" width=\"500\" height=\"375\" src=\"https:\/\/i2.wp.com\/localhost\/surgente\/wp-content\/uploads\/2021\/05\/cilintro_500x375.jpg?resize=500%2C375\" alt=\"\" class=\"wp-image-394\" data-recalc-dims=\"1\"\/><\/figure>\n\n\n\n<div class=\"wp-block-buttons is-content-justification-right is-vertical\">\n<div class=\"wp-block-button has-custom-width wp-block-button__width-100 is-style-fill\"><a class=\"wp-block-button__link has-light-gray-color has-black-background-color has-text-color has-background no-border-radius\" href=\"\/index.php\/2021\/05\/23\/cilindros-de-bronce\/\">Ver m\u00e1s<\/a><\/div>\n<\/div>\n<\/div>\n<\/div>\n<\/div>\n<\/div>\n\n\n\n<h2>Tabla de profundidades<\/h2>\n\n\n\n<p>Saber el nivel est\u00e1tico del agua con el fin de determinar medidas del molino y di\u00e1metro del cilindro (seg\u00fan tabla de profundidad).<\/p>\n\n\n\n<p>Para determinar la altura de la torre, calcular que la rueda completa pase 1,5 mts por encima de obst\u00e1culos (monte, construcciones, etc), y verificar que en el lugar donde se instale el molino tenga un radio limpio de 150 mts.<\/p>\n\n\n\n<p>Estimar el consumo de agua. Tener en cuenta que un molino tiene un funcionamiento aproximado de 12 hs diarias.<\/p>\n\n\n\n<table style=\"width: 100%; margin-left: auto; margin-right: auto;\" border=\"1\">\n<tbody>\n<tr style=\"background-color: #00cccc;\">\n<td rowspan=\"2\" style=\"width:175px\"><strong>NIVEL QUE PUEDE ELEVAR EL AGUA mts<\/strong><\/td>\n<td colspan=\"3\" align=\"center\"><strong>7 PIES (2.10 MTS)<\/strong><\/td>\n<td colspan=\"4\">\n<div align=\"center\"><strong>8 PIES (2.44 MTS)<\/strong><\/div>\n<\/td>\n<td colspan=\"7\">\n<div align=\"center\"><strong>10 PIES (3.05 MTS)<\/strong><\/div>\n<\/td>\n<\/tr>\n<tr style=\"background-color: #00cccc; \" align=\"center\">\n<td style=\"width: 78.4667px;\" align=\"center\"><strong>5<\/strong><\/td>\n<td style=\"width: 41px; \"><strong>10<\/strong><\/td>\n<td style=\"width: 50px; \"><strong>15<\/strong><\/td>\n<td style=\"width: 33px; \"><strong>5<\/strong><\/td>\n<td style=\"width: 41px; \"><strong>10<\/strong><\/td>\n<td style=\"width: 41px; \"><strong>15<\/strong><\/td>\n<td style=\"width: 60px; \"><strong>20<\/strong><\/td>\n<td style=\"width: 56px; \">\n<div align=\"center\"><strong>5<\/strong><\/div>\n<\/td>\n<td style=\"width: 53px; \">\n<div align=\"center\"><strong><span class=\"Estilo2\">10<\/span><\/strong><\/div>\n<\/td>\n<td style=\"width: 53px; \">\n<div align=\"center\"><strong><span class=\"Estilo2\">15<\/span><\/strong><\/div>\n<\/td>\n<td style=\"width: 53px; \">\n<div align=\"center\"><strong><span class=\"Estilo2\">20<\/span><\/strong><\/div>\n<\/td>\n<td style=\"width: 53px; \">\n<div align=\"center\"><strong><span class=\"Estilo2\">25<\/span><\/strong><\/div>\n<\/td>\n<td style=\"width: 53px; \">\n<div align=\"center\"><strong><span class=\"Estilo2\">30<\/span><\/strong><\/div>\n<\/td>\n<td style=\"width: 89px; \">\n<div align=\"center\"><strong><span class=\"Estilo2\">40<\/span><\/strong><\/div>\n<\/td>\n<\/tr>\n<tr style=\"\">\n<td style=\"background-color: #00cccc; width: 167.533px; \">\n<div align=\"center\"><strong>Cilindro (Pulg)<br><\/strong><\/div>\n<\/td>\n<td style=\"width: 119.467px;\" colspan=\"2\">\n<div style=\"text-align: center;\" align=\"center\">3&#8243;<\/div>\n<\/td>\n<td style=\"width: 50px; \">2 1\/2&#8243;<\/td>\n<td style=\"width: 74px; \" colspan=\"2\" align=\"center\">3 1\/2&#8243;<\/td>\n<td style=\"width: 101px;  text-align: center;\" colspan=\"2\">3&#8243;<\/td>\n<td style=\"width: 56px; \">\n<div align=\"center\">4&#8243;<\/div>\n<\/td>\n<td style=\"width: 106px; \" colspan=\"2\" align=\"center\">3 1\/2&#8243;<\/td>\n<td style=\"width: 248px; \" colspan=\"4\">\n<div align=\"center\">3&#8243;<\/div>\n<\/td>\n<\/tr>\n<tr style=\"\">\n<td style=\"background-color: #00cccc; width: 167.533px; \">\n<div align=\"center\"><strong>Ca\u00f1os (Pulg)<\/strong><\/div>\n<\/td>\n<td style=\"width: 78.4667px; \" colspan=\"2\">\n<div align=\"center\">1 1\/4&#8243;<\/div>\n<\/td>\n<td style=\"width: 50px; \">1&#8243;<\/td>\n<td style=\"width: 33px; \" colspan=\"2\" align=\"center\">1 1\/2&#8243;<\/td>\n<td style=\"width: 41px; \" colspan=\"2\" align=\"center\">1 1\/4&#8243;<\/td>\n<td style=\"width: 56px; \" align=\"center\">2&#8243;<\/td>\n<td style=\"width: 53px; \" colspan=\"2\" align=\"center\">1 1\/2&#8243;<\/td>\n<td style=\"width: 53px; \" colspan=\"4\" align=\"center\">1 1\/4&#8243;<\/td>\n<\/tr>\n<tr style=\"\">\n<td style=\"background-color: #00cccc; width: 167.533px; \">\n<div align=\"center\"><strong>Varilla (Pulg)<\/strong><\/div>\n<\/td>\n<td style=\"width: 78.4667px; \" colspan=\"3\">\n<div align=\"center\">1\/2<\/div>\n<\/td>\n<td style=\"width: 33px; \" colspan=\"4\" align=\"center\">5\/8<\/td>\n<td style=\"width: 56px; \" colspan=\"7\" align=\"center\">5\/8\n<\/td>\n<\/tr>\n<tr style=\"\">\n<td style=\"background-color: #00cccc; width: 167.533px; \">\n<div align=\"center\"><strong>Caudal (Lts\/js)<\/strong><\/div>\n<\/td>\n<td style=\"width: 78.4667px; \" colspan=\"2\">\n<div align=\"center\">1900<\/div>\n<\/td>\n<td style=\"width: 50px; \" align=\"center\">1000<\/td>\n<td style=\"width: 33px; \" colspan=\"2\" align=\"center\">2400<\/td>\n<td style=\"width: 41px; \">1900<\/td>\n<td style=\"width: 60px; \">1300<\/td>\n<td style=\"width: 56px; \">\n<div align=\"center\">3600<\/div>\n<\/td>\n<td style=\"width: 53px; \" colspan=\"2\" align=\"center\">2400<\/td>\n<td style=\"width: 53px; \">2000<\/td>\n<td style=\"width: 53px; \">1800<\/td>\n<td style=\"width: 53px; \">1500<\/td>\n<td style=\"width: 89px; \">\n<div align=\"center\">1300<\/div>\n<\/td>\n<\/tr>\n<\/tbody>\n<\/table>\n\n\n\n<h2>Tabla de c\u00e1lculos de consumo promedio por d\u00eda<\/h2>\n\n\n\n<figure class=\"wp-block-table is-style-regular\"><table class=\"has-subtle-light-gray-background-color has-fixed-layout has-background\"><tbody><tr><td class=\"has-text-align-center\" data-align=\"center\">Bovino 50 Lts<\/td><td class=\"has-text-align-center\" data-align=\"center\">Equino 41 Lts<\/td><td class=\"has-text-align-center\" data-align=\"center\">Caprino 7 Lts<\/td><\/tr><tr><td class=\"has-text-align-center\" data-align=\"center\">Ovino 8 Lts<\/td><td class=\"has-text-align-center\" data-align=\"center\">Porcino 11 Lts<\/td><td class=\"has-text-align-center\" data-align=\"center\">Vivienda 450 Lts<\/td><\/tr><\/tbody><\/table><\/figure>\n","protected":false},"excerpt":{"rendered":"<p>Maquina, rueda y cola, torre y cilindro determina el molino adecuado para tu Tabla de profundidades Saber el nivel est\u00e1tico&#8230;<\/p>\n","protected":false},"author":1,"featured_media":0,"parent":0,"menu_order":0,"comment_status":"closed","ping_status":"closed","template":"template-fullwidth.php","meta":{"spay_email":""},"jetpack_sharing_enabled":true,"_links":{"self":[{"href":"https:\/\/wp.molinosurgente.com.ar\/index.php\/wp-json\/wp\/v2\/pages\/203"}],"collection":[{"href":"https:\/\/wp.molinosurgente.com.ar\/index.php\/wp-json\/wp\/v2\/pages"}],"about":[{"href":"https:\/\/wp.molinosurgente.com.ar\/index.php\/wp-json\/wp\/v2\/types\/page"}],"author":[{"embeddable":true,"href":"https:\/\/wp.molinosurgente.com.ar\/index.php\/wp-json\/wp\/v2\/users\/1"}],"replies":[{"embeddable":true,"href":"https:\/\/wp.molinosurgente.com.ar\/index.php\/wp-json\/wp\/v2\/comments?post=203"}],"version-history":[{"count":41,"href":"https:\/\/wp.molinosurgente.com.ar\/index.php\/wp-json\/wp\/v2\/pages\/203\/revisions"}],"predecessor-version":[{"id":550,"href":"https:\/\/wp.molinosurgente.com.ar\/index.php\/wp-json\/wp\/v2\/pages\/203\/revisions\/550"}],"wp:attachment":[{"href":"https:\/\/wp.molinosurgente.com.ar\/index.php\/wp-json\/wp\/v2\/media?parent=203"}],"curies":[{"name":"wp","href":"https:\/\/api.w.org\/{rel}","templated":true}]}}