{"id":23,"date":"2021-01-11T20:12:54","date_gmt":"2021-01-11T20:12:54","guid":{"rendered":"https:\/\/wp.molinosurgente.com.ar\/?page_id=23"},"modified":"2021-05-24T17:23:53","modified_gmt":"2021-05-24T20:23:53","slug":"inicio","status":"publish","type":"page","link":"https:\/\/wp.molinosurgente.com.ar\/","title":{"rendered":"Inicio"},"content":{"rendered":"\n<p>Molino de Viento, sin engranaje, con resorte compensador, los Molinos de viento \u00abSurgente\u00bb adem\u00e1s de ser \u00fanicos en el mundo por su sistema, son economicamente m\u00e1s eficientes.<\/p>\n\n\n\n<p>Surgente es una empresa que desde el a\u00f1o 1946 fabrica Molinos de Viento.<\/p>\n\n\n\n<p>La firma incorpora en el mercado, desde su nacimiento un dise\u00f1o absolutamente novedoso, un molino que funciona \u00absin engranajes, con resorte compensador\u00bb, aprovechando un 60% m\u00e1s la energ\u00eda e\u00f3lica, aumentando el caudal de agua con un m\u00ednimo de desgaste, ideal para zonas con bajos promedios de viento.<\/p>\n\n\n\n<div data-carousel-extra='{\"blog_id\":1,\"permalink\":\"https:\\\/\\\/wp.molinosurgente.com.ar\\\/\"}' class=\"wp-block-caxton-super-hero relative\"><div data-carousel-extra='{\"blog_id\":1,\"permalink\":\"https:\\\/\\\/wp.molinosurgente.com.ar\\\/\"}' class=\"absolute absolute--fill\"><div data-carousel-extra='{\"blog_id\":1,\"permalink\":\"https:\\\/\\\/wp.molinosurgente.com.ar\\\/\"}' key=\"bg-image\" class=\"cover bg-center absolute absolute--fill\" style=\"background-image:url(http:\/\/localhost:81\/surgente\/wp-content\/uploads\/2021\/05\/20210223_171418.jpg);background-attachment:fixed;\"><\/div><div data-carousel-extra='{\"blog_id\":1,\"permalink\":\"https:\\\/\\\/wp.molinosurgente.com.ar\\\/\"}' key=\"bg-colors\" class=\"absolute absolute--fill\" style=\"background-color: ;background-image:linear-gradient( );opacity:0.95;\"><\/div><\/div><div data-carousel-extra='{\"blog_id\":1,\"permalink\":\"https:\\\/\\\/wp.molinosurgente.com.ar\\\/\"}' class=\"relative caxton-columns caxton-1-columns\" style=\"padding-top:18%;padding-left:0%;padding-bottom:4%;padding-right:0%\" data-mobile-css=\"padding-left:5em;padding-right:5em;\" data-tablet-css=\"padding-left:5em;padding-right:5em;\">\n<div data-carousel-extra='{\"blog_id\":1,\"permalink\":\"https:\\\/\\\/wp.molinosurgente.com.ar\\\/\"}' class=\"wp-block-column\">\n<div data-carousel-extra='{\"blog_id\":1,\"permalink\":\"https:\\\/\\\/wp.molinosurgente.com.ar\\\/\"}' class=\"wp-block-caxton-super-text\"><h1 class=\"\" style=\"margin-top:0.5em;margin-bottom:0.5em;padding:0.5em calc( .5em + 0.5em );padding-left:6.5em;padding-right:6.5em;font-weight:600;color:#404040;background-color:#f0f0f0;\" data-mobile-css=\"\" data-tablet-css=\"\" data-desktop-css=\"\"><span class=\"\"><span>Industria santafesina que exporta al mundo<\/span><\/span><\/h1><\/div>\n<\/div>\n<\/div><\/div>\n\n\n\n<hr class=\"wp-block-separator is-style-dots\"\/>\n\n\n\n<h2>Nuestros clientes<\/h2>\n\n\n\n<div data-carousel-extra='{\"blog_id\":1,\"permalink\":\"https:\\\/\\\/wp.molinosurgente.com.ar\\\/\"}' class=\"wp-block-columns\">\n<div data-carousel-extra='{\"blog_id\":1,\"permalink\":\"https:\\\/\\\/wp.molinosurgente.com.ar\\\/\"}' class=\"wp-block-column\">\n<blockquote class=\"wp-block-quote\"><p>Hace a\u00f1os que tengo un molino <\/p><cite>Valentino Mantovani<\/cite><\/blockquote>\n<\/div>\n\n\n\n<div data-carousel-extra='{\"blog_id\":1,\"permalink\":\"https:\\\/\\\/wp.molinosurgente.com.ar\\\/\"}' class=\"wp-block-column\">\n<blockquote class=\"wp-block-quote\"><p>Hace a\u00f1os que tengo un molino y &#8230;&#8230;&#8230;&#8230;&#8230;.. &#8230;&#8230;&#8230;&#8230;&#8230;&#8230;&#8230;&#8230; .. &#8230;.<\/p><cite>Valentino Mantovani<\/cite><\/blockquote>\n<\/div>\n\n\n\n<div data-carousel-extra='{\"blog_id\":1,\"permalink\":\"https:\\\/\\\/wp.molinosurgente.com.ar\\\/\"}' class=\"wp-block-column\">\n<blockquote class=\"wp-block-quote\"><p>Hace a\u00f1os que tengo un molino y &#8230;&#8230;&#8230;&#8230;&#8230;.. &#8230;&#8230;&#8230;&#8230;&#8230;&#8230;&#8230;&#8230; .. &#8230;.<\/p><cite>Valentino Mantovani<\/cite><\/blockquote>\n<\/div>\n\n\n\n<div data-carousel-extra='{\"blog_id\":1,\"permalink\":\"https:\\\/\\\/wp.molinosurgente.com.ar\\\/\"}' class=\"wp-block-column\">\n<blockquote class=\"wp-block-quote\"><p>Hace a\u00f1os que tengo un molino y &#8230;&#8230;&#8230;&#8230;&#8230;.. &#8230;&#8230;&#8230;&#8230;&#8230;&#8230;&#8230;&#8230; .. &#8230;.<\/p><cite>Valentino Mantovani<\/cite><\/blockquote>\n<\/div>\n<\/div>\n\n\n\n<figure class=\"wp-block-gallery alignwide columns-2 is-cropped\"><ul data-carousel-extra='{\"blog_id\":1,\"permalink\":\"https:\\\/\\\/wp.molinosurgente.com.ar\\\/\"}' class=\"blocks-gallery-grid\"><li class=\"blocks-gallery-item\"><figure><img data-attachment-id=\"396\" data-permalink=\"https:\/\/wp.molinosurgente.com.ar\/index.php\/acoplados\/maquina_500x375\/\" data-orig-file=\"https:\/\/i0.wp.com\/wp.molinosurgente.com.ar\/wp-content\/uploads\/2021\/05\/maquina_500x375.jpg?fit=500%2C375&amp;ssl=1\" data-orig-size=\"500,375\" data-comments-opened=\"1\" data-image-meta=\"{&quot;aperture&quot;:&quot;8&quot;,&quot;credit&quot;:&quot;&quot;,&quot;camera&quot;:&quot;Canon PowerShot A510&quot;,&quot;caption&quot;:&quot;&quot;,&quot;created_timestamp&quot;:&quot;1151597132&quot;,&quot;copyright&quot;:&quot;&quot;,&quot;focal_length&quot;:&quot;16&quot;,&quot;iso&quot;:&quot;50&quot;,&quot;shutter_speed&quot;:&quot;0.004&quot;,&quot;title&quot;:&quot;&quot;,&quot;orientation&quot;:&quot;1&quot;}\" data-image-title=\"maquina_500x375\" data-image-description=\"\" data-image-caption=\"\" data-medium-file=\"https:\/\/i0.wp.com\/wp.molinosurgente.com.ar\/wp-content\/uploads\/2021\/05\/maquina_500x375.jpg?fit=300%2C225&amp;ssl=1\" data-large-file=\"https:\/\/i0.wp.com\/wp.molinosurgente.com.ar\/wp-content\/uploads\/2021\/05\/maquina_500x375.jpg?fit=500%2C375&amp;ssl=1\" loading=\"lazy\" width=\"500\" height=\"375\" src=\"https:\/\/i2.wp.com\/localhost\/surgente\/wp-content\/uploads\/2021\/05\/maquina_500x375.jpg?resize=500%2C375\" alt=\"\" data-id=\"396\" data-full-url=\"https:\/\/i2.wp.com\/localhost\/surgente\/wp-content\/uploads\/2021\/05\/maquina_500x375.jpg?resize=500%2C375\" data-link=\"http:\/\/localhost:81\/surgente\/index.php\/acoplados\/maquina_500x375\/\" class=\"wp-image-396\" data-recalc-dims=\"1\"\/><\/figure><\/li><li class=\"blocks-gallery-item\"><figure><img data-attachment-id=\"106\" data-permalink=\"https:\/\/wp.molinosurgente.com.ar\/index.php\/2021\/01\/12\/acoplado-jaula-vaquero\/5-3\/\" data-orig-file=\"https:\/\/i1.wp.com\/wp.molinosurgente.com.ar\/wp-content\/uploads\/2021\/01\/5-2.jpeg?fit=800%2C600&amp;ssl=1\" data-orig-size=\"800,600\" data-comments-opened=\"1\" data-image-meta=\"{&quot;aperture&quot;:&quot;2.8&quot;,&quot;credit&quot;:&quot;&quot;,&quot;camera&quot;:&quot;Canon PowerShot ELPH 100 HS&quot;,&quot;caption&quot;:&quot;&quot;,&quot;created_timestamp&quot;:&quot;1411388826&quot;,&quot;copyright&quot;:&quot;&quot;,&quot;focal_length&quot;:&quot;5&quot;,&quot;iso&quot;:&quot;125&quot;,&quot;shutter_speed&quot;:&quot;0.00125&quot;,&quot;title&quot;:&quot;&quot;,&quot;orientation&quot;:&quot;1&quot;}\" data-image-title=\"5\" data-image-description=\"\" data-image-caption=\"\" data-medium-file=\"https:\/\/i1.wp.com\/wp.molinosurgente.com.ar\/wp-content\/uploads\/2021\/01\/5-2.jpeg?fit=300%2C225&amp;ssl=1\" data-large-file=\"https:\/\/i1.wp.com\/wp.molinosurgente.com.ar\/wp-content\/uploads\/2021\/01\/5-2.jpeg?fit=800%2C600&amp;ssl=1\" loading=\"lazy\" width=\"800\" height=\"600\" src=\"https:\/\/i1.wp.com\/localhost\/surgente\/wp-content\/uploads\/2021\/01\/5-2.jpeg?resize=800%2C600\" alt=\"\" data-id=\"106\" data-full-url=\"https:\/\/i1.wp.com\/localhost\/surgente\/wp-content\/uploads\/2021\/01\/5-2.jpeg?resize=800%2C600\" data-link=\"http:\/\/localhost:81\/surgente\/index.php\/2021\/01\/12\/acoplado-jaula-vaquero\/5-3\/\" class=\"wp-image-106\" srcset=\"https:\/\/i1.wp.com\/wp.molinosurgente.com.ar\/wp-content\/uploads\/2021\/01\/5-2.jpeg?w=800&amp;ssl=1 800w, https:\/\/i1.wp.com\/wp.molinosurgente.com.ar\/wp-content\/uploads\/2021\/01\/5-2.jpeg?resize=300%2C225&amp;ssl=1 300w, https:\/\/i1.wp.com\/wp.molinosurgente.com.ar\/wp-content\/uploads\/2021\/01\/5-2.jpeg?resize=768%2C576&amp;ssl=1 768w\" sizes=\"(max-width: 800px) 100vw, 800px\" data-recalc-dims=\"1\" \/><\/figure><\/li><\/ul><\/figure>\n","protected":false},"excerpt":{"rendered":"<p>Molino de Viento, sin engranaje, con resorte compensador, los Molinos de viento \u00abSurgente\u00bb adem\u00e1s de ser \u00fanicos en el mundo&#8230;<\/p>\n","protected":false},"author":1,"featured_media":392,"parent":0,"menu_order":0,"comment_status":"closed","ping_status":"closed","template":"template-fullwidth.php","meta":{"spay_email":""},"jetpack_sharing_enabled":true,"_links":{"self":[{"href":"https:\/\/wp.molinosurgente.com.ar\/index.php\/wp-json\/wp\/v2\/pages\/23"}],"collection":[{"href":"https:\/\/wp.molinosurgente.com.ar\/index.php\/wp-json\/wp\/v2\/pages"}],"about":[{"href":"https:\/\/wp.molinosurgente.com.ar\/index.php\/wp-json\/wp\/v2\/types\/page"}],"author":[{"embeddable":true,"href":"https:\/\/wp.molinosurgente.com.ar\/index.php\/wp-json\/wp\/v2\/users\/1"}],"replies":[{"embeddable":true,"href":"https:\/\/wp.molinosurgente.com.ar\/index.php\/wp-json\/wp\/v2\/comments?post=23"}],"version-history":[{"count":17,"href":"https:\/\/wp.molinosurgente.com.ar\/index.php\/wp-json\/wp\/v2\/pages\/23\/revisions"}],"predecessor-version":[{"id":512,"href":"https:\/\/wp.molinosurgente.com.ar\/index.php\/wp-json\/wp\/v2\/pages\/23\/revisions\/512"}],"wp:featuredmedia":[{"embeddable":true,"href":"https:\/\/wp.molinosurgente.com.ar\/index.php\/wp-json\/wp\/v2\/media\/392"}],"wp:attachment":[{"href":"https:\/\/wp.molinosurgente.com.ar\/index.php\/wp-json\/wp\/v2\/media?parent=23"}],"curies":[{"name":"wp","href":"https:\/\/api.w.org\/{rel}","templated":true}]}}